{"id":24,"date":"2023-01-20T11:25:52","date_gmt":"2023-01-20T10:25:52","guid":{"rendered":"http:\/\/www.saralidman.se\/?page_id=24"},"modified":"2023-01-24T19:21:49","modified_gmt":"2023-01-24T18:21:49","slug":"om-sara","status":"publish","type":"page","link":"http:\/\/www.saralidman.se\/?page_id=24","title":{"rendered":"Om Sara"},"content":{"rendered":"\n<p>Sara Lidman (1923-2004) har en unik position i svensk litteratur och samtidshistoria. Hon blev \u00e4lskad och hyllad som f\u00f6rnyare av romankonsten men ocks\u00e5 omstridd som debatt\u00f6r och agitator. Det passionerade engagemanget, det muntra allvaret, det goda ber\u00e4ttarhum\u00f6ret g\u00e5r igen i allt hon gjorde. N\u00e5gra gr\u00e4nser mellan litteratur och politik ville hon aldrig erk\u00e4nna. Romanerna, de politiska artiklarna och talen \u00f6verlappar st\u00e4ndigt varandra, i \u00e4mnen och tilltal. P\u00e5 samma vis som hon k\u00e4nde igen v\u00e4rldens maktspel och or\u00e4ttvisor i sin v\u00e4sterbottniska hemby var Byn alltid n\u00e4rvarande i V\u00e4rlden. Allt omfattade hon med samma gl\u00f6d och v\u00e4ltalighet \u2013 apartheidsystemets offer i Sydafrika, krigen i Sydostasien, skogsbolagens sk\u00f6vlingar av Norrlands urskogar och k\u00e4rlekens makt att f\u00f6r\u00e4ndra m\u00e4nniskors liv.<\/p>\n\n\n\n<p>Sara Lidman, f\u00f6ddes den 30 december 1923 i Missentr\u00e4sk, J\u00f6rns f\u00f6rsamling,&nbsp;och dog den 17 juni 2004 i Ume\u00e5.<\/p>\n\n\n\n<p>1953 kom Lidmans debutroman&nbsp;Tj\u00e4rdalen&nbsp;som blev en stor framg\u00e5ng bland b\u00e5de l\u00e4sare och&nbsp;kritiker. Det poetiska spr\u00e5ket, med sin s\u00e4regna legering av dialektala uttryck, bibelprosa&nbsp;och myndighetsretorik, gav henne omedelbart en st\u00e4llning som en av de mest nydanande&nbsp;spr\u00e5kkonstn\u00e4rerna i den moderna svenska litteraturen.<\/p>\n\n\n\n<p>Under sin livstid hann Lidman skriva sammanlagt tretton romaner, ett antal pj\u00e4ser och en&nbsp;stor m\u00e4ngd politiska och litter\u00e4ra ess\u00e4er, tal och debattartiklar.<\/p>\n\n\n\n<p>1960 \u00e5kte Sara Lidman till Sydafrika och senare till Kenya, d\u00e4r hon skrev ett antal&nbsp;politiska och kulturkritiska romaner. Kampen mot USA:s krigf\u00f6ring i Vietnam blev ett&nbsp;stort engagemang under 60- och 70-talen, liksom senare motst\u00e5ndet mot Irakkriget under&nbsp;det tidiga 2000-talet. Med sin agitation och sitt engagemang f\u00f6r fredsr\u00f6relsen, liksom \u00e4ven&nbsp;f\u00f6r arbetarr\u00f6relsen med intervjuboken&nbsp;Gruva, kom hon att f\u00e5 avg\u00f6rande betydelse f\u00f6r den&nbsp;radikala opinionsbildningen i Sverige och i Norden.<\/p>\n\n\n\n<figure class=\"wp-block-image size-full\"><img loading=\"lazy\" decoding=\"async\" width=\"862\" height=\"482\" src=\"http:\/\/www.saralidman.se\/wp-content\/uploads\/2023\/01\/Sara_vid_skrivmaskinen_missentrask-862x482-1.jpg\" alt=\"\" class=\"wp-image-141\" srcset=\"http:\/\/www.saralidman.se\/wp-content\/uploads\/2023\/01\/Sara_vid_skrivmaskinen_missentrask-862x482-1.jpg 862w, http:\/\/www.saralidman.se\/wp-content\/uploads\/2023\/01\/Sara_vid_skrivmaskinen_missentrask-862x482-1-300x168.jpg 300w, http:\/\/www.saralidman.se\/wp-content\/uploads\/2023\/01\/Sara_vid_skrivmaskinen_missentrask-862x482-1-768x429.jpg 768w\" sizes=\"auto, (max-width: 862px) 100vw, 862px\" \/><\/figure>\n\n\n\n<p>1975 flyttade hon hem till Missentr\u00e4sk och p\u00e5b\u00f6rjade sitt stora verk om moderniseringen&nbsp;och koloniseringen av Norrland. Resultatet blev de sju romaner som senare fick&nbsp;samlingsnamnet&nbsp;Jernbanan.<\/p>\n\n\n\n<p>Hon var 1955\u201363 ledamot i Samfundet De Nio, hon blev hedersdoktor vid Ume\u00e5 universitet&nbsp;1978 och fick professors namn 1999. Hon har f\u00e5tt ett stort antal litter\u00e4ra priser och&nbsp;utm\u00e4rkelser, d\u00e4ribland Pilotpriset 1999.<\/p>\n\n\n<div class=\"widget widget_nav_menu\"><h2 class=\"widgettitle\">Upplev Sara<\/h2><nav class=\"menu-sidomeny-container\" aria-label=\"Upplev Sara\"><ul id=\"menu-sidomeny\" class=\"menu\"><li id=\"menu-item-100\" class=\"menu-item menu-item-type-post_type menu-item-object-page menu-item-100\"><a href=\"http:\/\/www.saralidman.se\/?page_id=82\">Litteratur<\/a><\/li>\n<li id=\"menu-item-102\" class=\"menu-item menu-item-type-post_type menu-item-object-page menu-item-102\"><a href=\"http:\/\/www.saralidman.se\/?page_id=85\">Hyra Sara Lidmans g\u00e5rd i Missentr\u00e4sk<\/a><\/li>\n<li id=\"menu-item-97\" class=\"menu-item menu-item-type-post_type menu-item-object-page menu-item-97\"><a href=\"http:\/\/www.saralidman.se\/?page_id=95\">Sara kulturhus<\/a><\/li>\n<li id=\"menu-item-98\" class=\"menu-item menu-item-type-post_type menu-item-object-page menu-item-98\"><a href=\"http:\/\/www.saralidman.se\/?page_id=93\">Utst\u00e4llningen \u2013 Saraibyn<\/a><\/li>\n<li id=\"menu-item-99\" class=\"menu-item menu-item-type-post_type menu-item-object-page menu-item-99\"><a href=\"http:\/\/www.saralidman.se\/?page_id=88\">Sara-tunneln<\/a><\/li>\n<li id=\"menu-item-283\" class=\"menu-item menu-item-type-post_type menu-item-object-page menu-item-283\"><a href=\"http:\/\/www.saralidman.se\/?page_id=259\">Favoritcitat<\/a><\/li>\n<\/ul><\/nav><\/div>\n\n\n<p><\/p>\n","protected":false},"excerpt":{"rendered":"<p>Sara Lidman (1923-2004) har en unik position i svensk litteratur och samtidshistoria. Hon blev \u00e4lskad och hyllad som f\u00f6rnyare av romankonsten men ocks\u00e5 omstridd som debatt\u00f6r och agitator. Det passionerade <a class=\"read-more\" href=\"http:\/\/www.saralidman.se\/?page_id=24\">Read More<\/a><\/p>\n","protected":false},"author":1,"featured_media":0,"parent":0,"menu_order":0,"comment_status":"closed","ping_status":"closed","template":"","meta":{"footnotes":""},"class_list":["post-24","page","type-page","status-publish","hentry"],"_links":{"self":[{"href":"http:\/\/www.saralidman.se\/index.php?rest_route=\/wp\/v2\/pages\/24","targetHints":{"allow":["GET"]}}],"collection":[{"href":"http:\/\/www.saralidman.se\/index.php?rest_route=\/wp\/v2\/pages"}],"about":[{"href":"http:\/\/www.saralidman.se\/index.php?rest_route=\/wp\/v2\/types\/page"}],"author":[{"embeddable":true,"href":"http:\/\/www.saralidman.se\/index.php?rest_route=\/wp\/v2\/users\/1"}],"replies":[{"embeddable":true,"href":"http:\/\/www.saralidman.se\/index.php?rest_route=%2Fwp%2Fv2%2Fcomments&post=24"}],"version-history":[{"count":9,"href":"http:\/\/www.saralidman.se\/index.php?rest_route=\/wp\/v2\/pages\/24\/revisions"}],"predecessor-version":[{"id":209,"href":"http:\/\/www.saralidman.se\/index.php?rest_route=\/wp\/v2\/pages\/24\/revisions\/209"}],"wp:attachment":[{"href":"http:\/\/www.saralidman.se\/index.php?rest_route=%2Fwp%2Fv2%2Fmedia&parent=24"}],"curies":[{"name":"wp","href":"https:\/\/api.w.org\/{rel}","templated":true}]}}