{"id":719,"date":"2024-07-15T11:43:58","date_gmt":"2024-07-15T09:43:58","guid":{"rendered":"https:\/\/www.saralidman.se\/?page_id=719"},"modified":"2025-09-08T20:06:58","modified_gmt":"2025-09-08T18:06:58","slug":"medlemsskrift","status":"publish","type":"page","link":"http:\/\/www.saralidman.se\/?page_id=719","title":{"rendered":"Medlemsskrift"},"content":{"rendered":"\n<p>S\u00e4llskapet har gett ut fyra medlemsskrifter till alla medlemmar &#8211; <em>Sara-dagar I-IV<\/em>.<br>Ett fj\u00e4rde nummer kom ut h\u00f6sten 2025. H\u00e4r g\u00e5r de att l\u00e4sa de tre f\u00f6rsta numren digitalt.<\/p>\n\n\n\n<p><\/p>\n\n\n\n<div data-wp-interactive=\"core\/file\" class=\"wp-block-file\"><object data-wp-bind--hidden=\"!state.hasPdfPreview\" hidden class=\"wp-block-file__embed\" data=\"https:\/\/www.saralidman.se\/wp-content\/uploads\/2024\/07\/Sara-dagar-I.pdf\" type=\"application\/pdf\" style=\"width:100%;height:600px\" aria-label=\"Inb\u00e4ddning av Sara-dagar-I.\"><\/object><a id=\"wp-block-file--media-0c0c8076-5292-4092-8a6e-63fba22f4a0c\" href=\"https:\/\/www.saralidman.se\/wp-content\/uploads\/2024\/07\/Sara-dagar-I.pdf\">Sara-dagar-I<\/a><a href=\"https:\/\/www.saralidman.se\/wp-content\/uploads\/2024\/07\/Sara-dagar-I.pdf\" class=\"wp-block-file__button wp-element-button\" download aria-describedby=\"wp-block-file--media-0c0c8076-5292-4092-8a6e-63fba22f4a0c\">Ladda ner<\/a><\/div>\n\n\n\n<div data-wp-interactive=\"core\/file\" class=\"wp-block-file\"><object data-wp-bind--hidden=\"!state.hasPdfPreview\" hidden class=\"wp-block-file__embed\" data=\"https:\/\/www.saralidman.se\/wp-content\/uploads\/2024\/07\/Sara-dagar-II.pdf\" type=\"application\/pdf\" style=\"width:100%;height:600px\" aria-label=\"Inb\u00e4ddning av Sara-dagar-II.\"><\/object><a id=\"wp-block-file--media-ff534609-83d5-4c9c-aeab-59c100bcfb5e\" href=\"https:\/\/www.saralidman.se\/wp-content\/uploads\/2024\/07\/Sara-dagar-II.pdf\">Sara-dagar-II<\/a><a href=\"https:\/\/www.saralidman.se\/wp-content\/uploads\/2024\/07\/Sara-dagar-II.pdf\" class=\"wp-block-file__button wp-element-button\" download aria-describedby=\"wp-block-file--media-ff534609-83d5-4c9c-aeab-59c100bcfb5e\">Ladda ner<\/a><\/div>\n\n\n\n<div data-wp-interactive=\"core\/file\" class=\"wp-block-file\"><object data-wp-bind--hidden=\"!state.hasPdfPreview\" hidden class=\"wp-block-file__embed\" data=\"https:\/\/www.saralidman.se\/wp-content\/uploads\/2024\/07\/Sara-dagar-III.pdf\" type=\"application\/pdf\" style=\"width:100%;height:600px\" aria-label=\"Inb\u00e4ddning av Sara-dagar-III.\"><\/object><a id=\"wp-block-file--media-19395693-a101-47b1-ade8-66c62988bc6c\" href=\"https:\/\/www.saralidman.se\/wp-content\/uploads\/2024\/07\/Sara-dagar-III.pdf\">Sara-dagar-III<\/a><a href=\"https:\/\/www.saralidman.se\/wp-content\/uploads\/2024\/07\/Sara-dagar-III.pdf\" class=\"wp-block-file__button wp-element-button\" download aria-describedby=\"wp-block-file--media-19395693-a101-47b1-ade8-66c62988bc6c\">Ladda ner<\/a><\/div>\n","protected":false},"excerpt":{"rendered":"<p>S\u00e4llskapet har gett ut fyra medlemsskrifter till alla medlemmar &#8211; Sara-dagar I-IV.Ett fj\u00e4rde nummer kom ut h\u00f6sten 2025. H\u00e4r g\u00e5r de att l\u00e4sa de tre f\u00f6rsta numren digitalt.<\/p>\n","protected":false},"author":1,"featured_media":0,"parent":0,"menu_order":0,"comment_status":"closed","ping_status":"closed","template":"","meta":{"footnotes":""},"class_list":["post-719","page","type-page","status-publish","hentry"],"_links":{"self":[{"href":"http:\/\/www.saralidman.se\/index.php?rest_route=\/wp\/v2\/pages\/719","targetHints":{"allow":["GET"]}}],"collection":[{"href":"http:\/\/www.saralidman.se\/index.php?rest_route=\/wp\/v2\/pages"}],"about":[{"href":"http:\/\/www.saralidman.se\/index.php?rest_route=\/wp\/v2\/types\/page"}],"author":[{"embeddable":true,"href":"http:\/\/www.saralidman.se\/index.php?rest_route=\/wp\/v2\/users\/1"}],"replies":[{"embeddable":true,"href":"http:\/\/www.saralidman.se\/index.php?rest_route=%2Fwp%2Fv2%2Fcomments&post=719"}],"version-history":[{"count":6,"href":"http:\/\/www.saralidman.se\/index.php?rest_route=\/wp\/v2\/pages\/719\/revisions"}],"predecessor-version":[{"id":1030,"href":"http:\/\/www.saralidman.se\/index.php?rest_route=\/wp\/v2\/pages\/719\/revisions\/1030"}],"wp:attachment":[{"href":"http:\/\/www.saralidman.se\/index.php?rest_route=%2Fwp%2Fv2%2Fmedia&parent=719"}],"curies":[{"name":"wp","href":"https:\/\/api.w.org\/{rel}","templated":true}]}}