{"id":88,"date":"2023-01-20T16:10:32","date_gmt":"2023-01-20T15:10:32","guid":{"rendered":"http:\/\/www.saralidman.se\/?page_id=88"},"modified":"2023-01-20T16:10:32","modified_gmt":"2023-01-20T15:10:32","slug":"sara-tunneln","status":"publish","type":"page","link":"http:\/\/www.saralidman.se\/?page_id=88","title":{"rendered":"Sara-tunneln"},"content":{"rendered":"\n<p>I samband med Botniabanans tillkomst v\u00e4ckte Sara Lidman-s\u00e4llskapet id\u00e9n att uppf\u00f6ra ett konstverk i Ume\u00e5 med inspiration i bland annat romansviten Jernbanan. Sara Lidman-l\u00e4sare i Ume\u00e5, V\u00e4sterbotten och Sverige inbj\u00f6ds att bidra med sina favoritcitat till projektet. Ett urval av dessa finns nu i konstverket\u00a0Lev!\u00a0av FA+, ett gigantiskt konstverk till\u00e4gnat Sara Lidman f\u00f6r att betrakta, lyssna till, k\u00e4nna och vistas i.\u00a0<\/p>\n\n\n\n<p>Huvuddelen i konstverken\u00a0Lev!\u00a0\u00e4r en glasv\u00e4gg som \u00e4r 170 meter l\u00e5ng och t\u00e4cker en yta p\u00e5 700 kvadratmeter vilket g\u00f6r det till ett av Europas st\u00f6rsta glaskonstverk. V\u00e4ggen best\u00e5r av 186 dubbla glasrutor d\u00e4r varje ruta har f\u00f6rsetts med ett unikt fotomotiv. Bildernas motiv \u00e4r tagna p\u00e5 en t\u00e5gresa (fr\u00e5n Missentr\u00e4sk \u2013 J\u00f6rn Saras f\u00f6delse och uppv\u00e4xtort till Ume\u00e5 d\u00e4r hon bodde sina sista \u00e5r) och \u00e4r bearbetade s\u00e5 att de har blivit n\u00e4stan abstrakta, de \u00e4r tryckta direkt p\u00e5 glasen med en ny teknik med best\u00e5ende f\u00e4rger som ger fotokvalitet (state-of-art\u00a0teknik). P\u00e5 bakgrunden tillkommer motiv av vilda blommor som \u00e4r plockade runtomkring Saras hus i Missentr\u00e4sk och tjugotre noggrant utvalda citat ur Lidmans f\u00f6rfattarskap. V\u00e4ggen \u00e4r belyst inifr\u00e5n och inneh\u00e5ller ljud ur 16 kanaler, fyra av kanalerna \u00e4r interaktiva, om man trycker p\u00e5 en best\u00e4md punkt p\u00e5 v\u00e4ggen s\u00e5 s\u00e4tter man ig\u00e5ng olika ljud: Sara Lidman l\u00e4ser en dikt, Sara Lidman talar om Vietnam, Sydafrika osv. P\u00e5 ett st\u00e4lle kan man h\u00f6ra klockan i familjen Lidmans hus i Missentr\u00e4sk och p\u00e5 ett annat ordlexikon fr\u00e5n bondska till\u00a0schw\u00e4nschkan\u00a0l\u00e4st av grannen i Missentr\u00e4sk Lars Sundqvist och v\u00e4nnen, sk\u00e5despelaren Lena Granhagen.<\/p>\n\n\n\n<figure class=\"wp-block-image size-large\"><img loading=\"lazy\" decoding=\"async\" width=\"1024\" height=\"682\" src=\"http:\/\/www.saralidman.se\/wp-content\/uploads\/2023\/01\/20140608-2138-1024x682.jpg\" alt=\"\" class=\"wp-image-89\" srcset=\"http:\/\/www.saralidman.se\/wp-content\/uploads\/2023\/01\/20140608-2138-1024x682.jpg 1024w, http:\/\/www.saralidman.se\/wp-content\/uploads\/2023\/01\/20140608-2138-300x200.jpg 300w, http:\/\/www.saralidman.se\/wp-content\/uploads\/2023\/01\/20140608-2138-768x512.jpg 768w, http:\/\/www.saralidman.se\/wp-content\/uploads\/2023\/01\/20140608-2138-1536x1024.jpg 1536w, http:\/\/www.saralidman.se\/wp-content\/uploads\/2023\/01\/20140608-2138.jpg 2000w\" sizes=\"auto, (max-width: 1024px) 100vw, 1024px\" \/><\/figure>\n\n\n\n<p>N\u00e4r Sara Lidman signerade b\u00f6cker la hon till sin piktur med orden Lev! som en uppmaning till alla att leva, att inte f\u00f6rsl\u00f6sa sin livstid.&nbsp;\u201dMan m\u00e5ste leva medan man h\u00e5ller p\u00e5\u201d, sade hon ofta.&nbsp;Samma piktur \u00e5terkommer i monumental storlek i form av en blankpolerad metallskylt i slutet av tunneln d\u00e4r man speglar sig i ordet&nbsp;Lev!&nbsp;Samma piktur \u00e5terkommer som en uppv\u00e4rmd och en underifr\u00e5n belyst sittb\u00e4nk p\u00e5 gatuniv\u00e5 bredvid stationshuset.<\/p>\n\n\n\n<p>Mittemot den upplysta fotov\u00e4ggen finns ett Lidmanscitat i Braille (punktskrift) tillverkad av br\u00e4dor fr\u00e5n familjen Lidmans ut\u00e4ngeslador i Missentr\u00e4sk, tr\u00e4 som bl\u00e5nat av tid och v\u00e4der f\u00f6r de som inte kan njuta f\u00e4rgerna men av ljudet och texten i punktskrift.<\/p>\n\n\n\n<p>11 citat i rostfritt st\u00e5l i betong finns installerade i cykelbanan. Allm\u00e4nheten har kommit in med stora m\u00e4ngder citatf\u00f6rslag till s\u00e4llskapet som av Sara Lidmank\u00e4nnare i samr\u00e5d med FA+ s\u00e5llats till ett trettiotal.&nbsp;Citaten \u00e4r h\u00e4mtade ifr\u00e5n hela Sara Lidmans f\u00f6rfattarskap med en betydande del ifr\u00e5n det s\u00e5 kallade Norrlandseposet, Jernbanesviten.<\/p>\n\n\n\n<p>Uppdragsgivare av konstverket \u00e4r\u00a0Ume\u00e5 kommun i samverkan\u00a0med Trafikverket. Ytterligare beskrivning av konstverket finns att l\u00e4sa p\u00e5\u00a0upphovsmakarnas webbplats, konstn\u00e4rsduon FA+ Ingrid Falk och Gustavo Aguerre\u00a0www.fa-art.se<\/p>\n\n\n\n<figure class=\"wp-block-image size-full\"><img loading=\"lazy\" decoding=\"async\" width=\"1024\" height=\"682\" src=\"http:\/\/www.saralidman.se\/wp-content\/uploads\/2023\/01\/20140608-2148-1024x682-1.jpg\" alt=\"\" class=\"wp-image-91\" srcset=\"http:\/\/www.saralidman.se\/wp-content\/uploads\/2023\/01\/20140608-2148-1024x682-1.jpg 1024w, http:\/\/www.saralidman.se\/wp-content\/uploads\/2023\/01\/20140608-2148-1024x682-1-300x200.jpg 300w, http:\/\/www.saralidman.se\/wp-content\/uploads\/2023\/01\/20140608-2148-1024x682-1-768x512.jpg 768w\" sizes=\"auto, (max-width: 1024px) 100vw, 1024px\" \/><\/figure>\n","protected":false},"excerpt":{"rendered":"<p>I samband med Botniabanans tillkomst v\u00e4ckte Sara Lidman-s\u00e4llskapet id\u00e9n att uppf\u00f6ra ett konstverk i Ume\u00e5 med inspiration i bland annat romansviten Jernbanan. Sara Lidman-l\u00e4sare i Ume\u00e5, V\u00e4sterbotten och Sverige inbj\u00f6ds <a class=\"read-more\" href=\"http:\/\/www.saralidman.se\/?page_id=88\">Read More<\/a><\/p>\n","protected":false},"author":1,"featured_media":0,"parent":0,"menu_order":0,"comment_status":"closed","ping_status":"closed","template":"","meta":{"footnotes":""},"class_list":["post-88","page","type-page","status-publish","hentry"],"_links":{"self":[{"href":"http:\/\/www.saralidman.se\/index.php?rest_route=\/wp\/v2\/pages\/88","targetHints":{"allow":["GET"]}}],"collection":[{"href":"http:\/\/www.saralidman.se\/index.php?rest_route=\/wp\/v2\/pages"}],"about":[{"href":"http:\/\/www.saralidman.se\/index.php?rest_route=\/wp\/v2\/types\/page"}],"author":[{"embeddable":true,"href":"http:\/\/www.saralidman.se\/index.php?rest_route=\/wp\/v2\/users\/1"}],"replies":[{"embeddable":true,"href":"http:\/\/www.saralidman.se\/index.php?rest_route=%2Fwp%2Fv2%2Fcomments&post=88"}],"version-history":[{"count":1,"href":"http:\/\/www.saralidman.se\/index.php?rest_route=\/wp\/v2\/pages\/88\/revisions"}],"predecessor-version":[{"id":92,"href":"http:\/\/www.saralidman.se\/index.php?rest_route=\/wp\/v2\/pages\/88\/revisions\/92"}],"wp:attachment":[{"href":"http:\/\/www.saralidman.se\/index.php?rest_route=%2Fwp%2Fv2%2Fmedia&parent=88"}],"curies":[{"name":"wp","href":"https:\/\/api.w.org\/{rel}","templated":true}]}}