{"id":924,"date":"2025-04-07T10:44:33","date_gmt":"2025-04-07T08:44:33","guid":{"rendered":"https:\/\/www.saralidman.se\/?page_id=924"},"modified":"2025-04-07T10:47:13","modified_gmt":"2025-04-07T08:47:13","slug":"sara-lidmans-arkiv","status":"publish","type":"page","link":"http:\/\/www.saralidman.se\/?page_id=924","title":{"rendered":"Sara Lidmans personarkiv"},"content":{"rendered":"\n<p>Sara Lidmans arkiv p\u00e5 Ume\u00e5 universitetsbibliotek \u00e4r omfattande. H\u00e4r \u00e5terfinns hennes manuskript till b\u00f6cker, artiklar och f\u00f6redrag (122 volymer). Hennes brevsamling (92 volymer) inneh\u00e5ller korrespondens med f\u00f6rfattarkollegor, l\u00e4sare, myndigheter och v\u00e4nner. Hennes stora\u00a0samh\u00e4llsengagemang syns i handlingar kring Vietnamkriget, milj\u00f6fr\u00e5gor, Norrlandsfr\u00e5gor, underh\u00e5llningsv\u00e5ld m.m. Till arkivet h\u00f6r \u00e4ven en omfattande pressklipp- och fotosamling.<br>Arkivet donerades av Sara Lidman till Ume\u00e5 universitetsbibliotek 1998 (med kompletteringar under \u00e5ren 2001-2019).<br>Arkivet \u00e4r tillg\u00e4ngligt f\u00f6r forskning med undantag av korrespondens och dagboksanteckningar d\u00e4r tillst\u00e5nd av Sara Lidmans sl\u00e4ktingar kr\u00e4vs. <a href=\"https:\/\/www.umu.se\/bibliotek\/samlingar\/arkivsamlingar\/handskrifter-och-personarkiv\/personarkiv-sara-lidman\/\">Personarkiv &#8211; Sara Lidman<\/a><br><br><strong>Sara Lidmans tal finns nu digitaliserade<\/strong><br>Sara Lidmans arkiv \u00e4r ett av Ume\u00e5 universitetsbiblioteks mest anv\u00e4nda arkiv och nu finns \u00e4ven hennes tal digitaliserade och m\u00f6jliga att ta del av. Talen speglar Sara Lidmans engagemang i olika samh\u00e4llsfr\u00e5gor som \u00e4n idag \u00e4r mycket aktuella, exempelvis om industrietableringarna i norr. Ur hennes arkiv kan vi bland annat l\u00e4sa: \u201d\u2026j\u00e4rnet i Malmf\u00e4lten. Om en krona per ton hade avsatts i en fond och investerats i annat n\u00e4ringsliv d\u00e4ruppe \u2013 det hade blivit n\u00e5gra miljarder?<br><a href=\"https:\/\/www.umu.se\/nyheter\/sara-lidmans-tal-digitaliserade_12054417\/\" target=\"_blank\" rel=\"noreferrer noopener\">Sara-Lidmans-tal digitaliserade<\/a><\/p>\n\n\n\n<p><\/p>\n\n\n\n<p>Bes\u00f6k g\u00e4rna arkivet p\u00e5 Ume\u00e5 universitetsbibliotek.<\/p>\n\n\n\n<p><\/p>\n","protected":false},"excerpt":{"rendered":"<p>Sara Lidmans arkiv p\u00e5 Ume\u00e5 universitetsbibliotek \u00e4r omfattande. H\u00e4r \u00e5terfinns hennes manuskript till b\u00f6cker, artiklar och f\u00f6redrag (122 volymer). Hennes brevsamling (92 volymer) inneh\u00e5ller korrespondens med f\u00f6rfattarkollegor, l\u00e4sare, myndigheter och <a class=\"read-more\" href=\"http:\/\/www.saralidman.se\/?page_id=924\">Read More<\/a><\/p>\n","protected":false},"author":1,"featured_media":0,"parent":0,"menu_order":0,"comment_status":"closed","ping_status":"closed","template":"","meta":{"footnotes":""},"class_list":["post-924","page","type-page","status-publish","hentry"],"_links":{"self":[{"href":"http:\/\/www.saralidman.se\/index.php?rest_route=\/wp\/v2\/pages\/924","targetHints":{"allow":["GET"]}}],"collection":[{"href":"http:\/\/www.saralidman.se\/index.php?rest_route=\/wp\/v2\/pages"}],"about":[{"href":"http:\/\/www.saralidman.se\/index.php?rest_route=\/wp\/v2\/types\/page"}],"author":[{"embeddable":true,"href":"http:\/\/www.saralidman.se\/index.php?rest_route=\/wp\/v2\/users\/1"}],"replies":[{"embeddable":true,"href":"http:\/\/www.saralidman.se\/index.php?rest_route=%2Fwp%2Fv2%2Fcomments&post=924"}],"version-history":[{"count":6,"href":"http:\/\/www.saralidman.se\/index.php?rest_route=\/wp\/v2\/pages\/924\/revisions"}],"predecessor-version":[{"id":930,"href":"http:\/\/www.saralidman.se\/index.php?rest_route=\/wp\/v2\/pages\/924\/revisions\/930"}],"wp:attachment":[{"href":"http:\/\/www.saralidman.se\/index.php?rest_route=%2Fwp%2Fv2%2Fmedia&parent=924"}],"curies":[{"name":"wp","href":"https:\/\/api.w.org\/{rel}","templated":true}]}}