{"id":793,"date":"2024-11-22T11:32:46","date_gmt":"2024-11-22T10:32:46","guid":{"rendered":"https:\/\/www.saralidman.se\/?page_id=793"},"modified":"2024-11-22T11:32:46","modified_gmt":"2024-11-22T10:32:46","slug":"hur-garna-later-vi-oss-inte-luras","status":"publish","type":"page","link":"https:\/\/www.saralidman.se\/?page_id=793","title":{"rendered":"Hur g\u00e4rna l\u00e5ter vi oss inte luras"},"content":{"rendered":"\n<p>Ess\u00e4 av Birgitta Holm, ursprungligen publicerad i SvD 2024-11-17<\/p>\n\n\n\n<p>\u201dHe va d\u00e5 rent f\u00f6r kuseligt s\u00e5 lik han \u00e4r n\u2019Peter Carlsson p\u00e5 Northvolt.\u201d Hur m\u00e5nga med mig m\u00e5ste inte ha suttit d\u00e4r i salongen, s\u00e5v\u00e4l i Sarahuset i Skellefte\u00e5 som nu i h\u00f6st p\u00e5 Uppsala stadsteater, och t\u00e4nkt s\u00e5 n\u00e4r Sara Lidmans \u201dJernbanan\u201d sattes upp p\u00e5 scenerna d\u00e4r. \u201dJernbanan\u201d, en s\u00e5ngteater byggd p\u00e5 de fem f\u00f6rsta delarna av Sara Lidmans Jernbaneepos fr\u00e5n 1977\u201385, skildrar entrepren\u00f6ren och byapojken Didriks uppg\u00e5ng och fall i Lillvattnets socken under \u00e5ren kring f\u00f6rra sekelskiftet.<\/p>\n\n\n\n<p>Som pj\u00e4s b\u00f6rjar och slutar den i Didriks cell p\u00e5 L\u00e5ngholmen och skeendet d\u00e4remellan kan t\u00e4nkas vara hans rekapitulation i minnet av vad som ledde dit. Var Peter Carlsson, grundare och vd f\u00f6r Northvolt, kommer att sluta vet vi inte \u00e4n. Filip Hammar i \u201dFilip och Fredrik\u201d l\u00e4r redan n\u00e4r summan p\u00e5 40 miljarder f\u00f6r f\u00f6rsta g\u00e5ngen h\u00f6rdes ha gissat p\u00e5 f\u00e4ngelse. Nu \u00e4r det investerade kapitalet uppe i hela 60 miljarder och k\u00e4nslan av svindel bara \u00f6kar.<\/p>\n\n\n\n<p>Men s\u00e5 l\u00e5ngt vi nu kan blicka \u00e4r \u00f6verensst\u00e4mmelserna kusliga nog. Historien upprepar sig alltid, som Marx s\u00e4ger. F\u00f6rst som tragedi och sedan som fars.<\/p>\n\n\n\n<p>Redan gestalterna, tv\u00e5 gossekarlar som sticker ut b\u00e5de genom sin frimodighet och i sin kl\u00e4dsel, Didrik M\u00e5rtenson i sin r\u00f6da bussarong bland bondpojkarna p\u00e5 h\u00e4stsl\u00e4ppardagen och Peter Carlsson med kastad slips bland aff\u00e4rsv\u00e4rldens strikta kostymer. B\u00e5da drabbas av en n\u00e4rmast religi\u00f6s kallelse. F\u00f6r Didrik sker det n\u00e4r han sitter p\u00e5 dass och l\u00e4ser i ett gammalt blad om de diskussioner som f\u00f6rs i riksdagen om en eventuell fortsatt str\u00e4ckning av stambanan genom \u00f6vre Norrland. Om fnysningarna mot lands\u00e4ndan som h\u00f6rs i vissa l\u00e4ger och om m\u00f6jligheten till n\u00e5got annat: ett Lillvattnet f\u00f6rbundet med riket s\u00e5 att inv\u00e5narna d\u00e4r \u00e4ntligen skulle bli \u201ds\u00e5som svenskar och fullst\u00e4ndiga m\u00e4nniskor!\u201d<\/p>\n\n\n\n<p>Peter Carlssons kallelse kom efter en olycka i Kanada d\u00e4r han s\u00e5n\u00e4r hade strukit med i ett sn\u00f6ras. I sitt sommarprogram 2021 ber\u00e4ttar han att fr\u00e5gan han st\u00e4llde sig vid uppvaknandet var vad han nu ville g\u00f6ra med resten av sitt liv. Det skulle vara n\u00e5got som gjorde skillnad och var positivt f\u00f6r omv\u00e4rlden i stort. Svaret var klimatkrisen och att hans uppdrag var att v\u00e4nda m\u00e4nskligheten bort fr\u00e5n fossila br\u00e4nslen genom att bygga en j\u00e4ttelik batterifabrik.<\/p>\n\n\n\n<p>Rollen som Gr\u00f6ne Jesus var axlad.<\/p>\n\n\n\n<p>F\u00f6r b\u00e5da tillkommer den viktiga faktorn av en mentor. Hur mycket litteratur Jernbaneeposet \u00e4n \u00e4r s\u00e5 \u00e4r Didrik en historisk person och skeendet grundat p\u00e5 ing\u00e5ende studier i arkiv och annan forskning \u2013 f\u00f6rlagan till huvudpersonen \u00e4r ingen mindre \u00e4n Sara Lidmans egen farfar. Det \u00f6desdigra moment d\u00e5 Didrik hittar sin ledsagare \u00e4r allts\u00e5 ingenting h\u00e4mtat ur luften. Tillf\u00e4llet \u00e4r d\u00e5 Didrik g\u00f6r sitt f\u00f6rsta bes\u00f6k i Skellefte\u00e5 och kommer till Lidstedts handel: \u201dOch hade han inte haft karaffinen till st\u00f6d hade han kanske svimmat inne i Lidstedts handel. Den var tre eller fyra g\u00e5nger s\u00e5 stor som Valbergs bod, hemma i Lillvattnet; och det v\u00e4rsta var att Didrik inte kunde uppt\u00e4cka en enda sak som han inte beh\u00f6vde, i samma stund.\u201d<\/p>\n\n\n\n<p>Det visar sig att konsul Lidstedt redan har n\u00e5tts av ryktet om Didrik och hans v\u00e4ltaliga entusiasm f\u00f6r j\u00e4rnv\u00e4gen, s\u00e5 snart tr\u00e4der Lidstedt sj\u00e4lv fram och b\u00f6rjar ge anvisningar f\u00f6r hur Didrik ska agera f\u00f6r att n\u00e5 sitt m\u00e5l \u2013 ett m\u00e5l som ytterst skiljer sig radikalt fr\u00e5n de m\u00e5l som bolagen och handelshusen har f\u00f6r j\u00e4rnv\u00e4gen och d\u00e4r Didrik bara ses som ett nyttigt redskap att snart kastas bort.<\/p>\n\n\n\n<p>Den bod som Peter Carlsson n\u00e4stan svimmar i n\u00e4r han tr\u00e4der in \u00e4r Teslafabrikens kontor i Kalifornien. I n\u00e4stan didrikska termer beskriver han i sommarpratet sina k\u00e4nslor inf\u00f6r anblicken: \u201dett stort \u00f6ppet rum fyllt med 350 ingenj\u00f6rer och en energi som p\u00e5minde om ett handlargolv p\u00e5 New York-b\u00f6rsen eller en nyhetsredaktion precis f\u00f6re s\u00e4ndning. Man kunde ta p\u00e5 st\u00e4mningen.\u201d Kulmen sker n\u00e4r Elon Musk tr\u00e4der in. \u00c4ven h\u00e4r handlar det om ett rykte som hade f\u00f6reg\u00e5tt m\u00f6tet och som lett till att en rekryterare p\u00e5 Tesla hade ringt Peter Carlsson medan han var i Singapore och kallat honom till USA.<\/p>\n\n\n\n<p>Elon Musk f\u00e5r samma proportioner hos Peter Carlsson som konsul Lidstedt hos Didrik, ja s\u00e5dant som en bondson som Didrik M\u00e5rtensson bara kan s\u00e4ga indirekt och filtrerat genom Sara Lidmans vetande, det framtr\u00e4der h\u00e4r i klara verba. Elon Musk var den som \u00f6ppnade hans \u00f6gon f\u00f6r en helt ny typ av f\u00f6retagande, en som blickade fram\u00e5t och inte l\u00e4t sig bindas av gamla sanningar och traditioner. (\u201dMen Didrik vill inte veta n\u00e5got om dem som g\u00e5tt f\u00f6re\u201d, st\u00e5r det i Jernbaneeposet.)<\/p>\n\n\n\n<p>Framf\u00f6r allt var det han s\u00e5g hos Elon Musk en aff\u00e4rsverksamhet driven av \u201dren idealitet\u201d. P\u00e5 plats p\u00e5 Tesla \u2013 \u201dTeslasvensken\u201d \u00e4r ett annat namn Peter Carlsson har i folkmun \u2013 hade han erfarit \u201dvilken kraft det finns i ett bolag som verkligen \u00e4r styrt av en h\u00f6gre vision\u201d. Med patos understryker han vilken styrka det inneb\u00e4r f\u00f6r en medarbetare och en stab att man \u201daldrig kunde ifr\u00e5gas\u00e4tta hans motiv eller hans villighet att underordna sig bolagets m\u00e5l\u201d.<\/p>\n\n\n\n<p>I och med olyckan best\u00e4mmer sig allts\u00e5 Peter Carlsson f\u00f6r att f\u00f6ra dessa metoder och dessa visioner till Sverige. \u00c5r 2017 st\u00e5r han tillsammans med socialdemokratiska kommunalm\u00e4n och blickar ut \u00f6ver det som ska bli byggplatsen f\u00f6r hans egen skapelse i samma anda, batterifabriken Northvolt i Skellefte\u00e5. N\u00e4r mittdelen av Jernbaneeposet b\u00f6rjar, \u201dNabots sten\u201d, st\u00e5r Didrik p\u00e5 h\u00f6jden av sin makt och blickar ut \u00f6ver den flark i Lillvattnet som ska bli platsen f\u00f6r stationshuset.<\/p>\n\n\n\n<p>Tv\u00e5 segrare och med sig har de en hel trakt. L\u00f6ftena \u00e4r gr\u00e4nsl\u00f6sa. Med Northvolt kommer Norrland att \u00e5terbefolkas, n\u00e4ringarna att blomma och v\u00e4rlden bli gr\u00f6n p\u00e5 nytt och med jernbanan mat p\u00e5 borden, bes\u00f6k av majest\u00e4tet och k\u00f6pekl\u00e4der \u00e5t alla. Orden \u00e4ts fr\u00e5n l\u00e4pparna p\u00e5 de karismatiska ledarna: \u201dtre och en halv miljoner batterier per minut\u201d i Northvolt och, p\u00e5 flarken i Lillvattnet, att i och med jernbanan \u201dtill och med v\u00e5ra dr\u00f6mmar komma att bli b\u00e4ttre\u201d.<\/p>\n\n\n\n<p>Kriserna kommer snart och de ser i princip likadana ut p\u00e5 b\u00e4gge h\u00e5ll. F\u00f6rseningar av leveranser, inkommande s\u00e5v\u00e4l som utg\u00e5ende. Skatter och andra fordringar som m\u00e5ste betalas in. Kr\u00e5ngel med arbetskraften. Uppskov man skaffar sig och pengar som flyttas mellan fickorna.<\/p>\n\n\n\n<p>I Didriks fall hade han vid det h\u00e4r laget en rad uppgifter: kommunaln\u00e4mndens ordf\u00f6rande, innehavare av handelsbod, uppk\u00f6pare av avverkningsr\u00e4tter, leverant\u00f6r av slipers, f\u00f6rhandlare om grusint\u00e4kter, arbetsledare f\u00f6r huggare och ansvarig f\u00f6r en rad av underleverant\u00f6rer. Sj\u00e4lva det storslagna i hans t\u00e4nkande g\u00f6r att allt blir lite p\u00e5 en h\u00f6ft: inropen sker till \u00f6verpriser, skogsr\u00e4tter visar sig trots besiktning vara sjuka, leveranser uteblir, tillkallade arbetare f\u00f6rsummas, l\u00f6ner dumpas och sm\u00e5b\u00f6nder bedras p\u00e5 betalning f\u00f6r grus och tr\u00e4.<\/p>\n\n\n\n<p>Det l\u00e5ter som rapporterna i radio och tidningar i dag. Tillverkningar som st\u00e5r stilla, skulder som v\u00e4xer, styrelsemedlemmar som l\u00e4mnar, investerare som drar sig ut, ouppklarade d\u00f6dsfall och usla arbetsf\u00f6rh\u00e5llanden. Om Didrik hade ett antal huggare att ansvara f\u00f6r s\u00e5 r\u00f6r det sig f\u00f6r Peter Carlsson om en arbetskraft hopsamlad fr\u00e5n \u00f6ver 85 nationer.<\/p>\n\n\n\n<p>F\u00f6r Didrik personligen slutade det i en dundrande konkurs. I dagens penningv\u00e4rde r\u00f6rde det sig om cirka 50 miljoner, och detta f\u00f6r en enskild hemmans\u00e4garson i Sveriges fattigaste lands\u00e4nda. Ju desperatare l\u00e4get blev, desto st\u00f6rre oegentligheterna i hans transaktioner. Funktioner fl\u00f6t samman, pengar flyttades fr\u00e5n den ena kassan till den andra. N\u00e4rst\u00e5ende drogs in, papper skrevs p\u00e5, skulder v\u00e4xte. F\u00f6r oegentligheter mot huvudman och f\u00f6rskingring av n\u00f6dhj\u00e4lpsmedel d\u00f6mdes Didrik till slut till tio m\u00e5naders f\u00e4ngelse att sittas av p\u00e5 L\u00e5ngholmen i Stockholm.<\/p>\n\n\n\n<p>Hela trakten drogs med i Didriks fall. Bondmoror som lurats att ta kredit i handelsboden, syskon som sl\u00e4ppt till sina besparingar, grannar som skrivit p\u00e5 skuldsedlar, huggare som inte f\u00e5tt sin l\u00f6n. Alla drevs de fr\u00e5n hus och hem, alla hamnade de l\u00e4ngre och l\u00e4ngre ut p\u00e5 sl\u00e4ta skaren.<\/p>\n\n\n\n<p>I f\u00f6rh\u00e5llande till det befinner sig Peter Carlsson i en annan division. Om det f\u00f6r Didriks del r\u00f6rde sig om n\u00e5gra bl\u00e5sta grannar s\u00e5 handlar det f\u00f6r Carlssons del om hela Sveriges skattebetalare och pensionssparare. Det \u00e4r vi, om \u00e4n mer utspritt och indirekt, som vid sidan av storinvesterarna st\u00e5r f\u00f6r kalaset.<\/p>\n\n\n\n<p>Ett tema genom jernbaneeposet \u00e4r \u201dden underbare mannen\u201d. Det hela b\u00f6rjar d\u00e4r, med Spadar-Abdon som vandrar ner till Stockholm f\u00f6r att hos Konungen skaffa sig r\u00e4tt gentemot lantm\u00e4taren och hans orimliga gr\u00e4nsp\u00e5le. Redan f\u00f6rsta kv\u00e4llen r\u00e5kar han p\u00e5 en underbar man p\u00e5 gatan som erbjuder sin hj\u00e4lp och lurar av honom hela reskassan.<\/p>\n\n\n\n<p>Hur g\u00e4rna l\u00e5ter vi oss inte luras.<\/p>\n\n\n\n<p>Konsul Lidstedt \u00e4r en underbar man, en uppenbarelse av allt som \u00e4r L\u00f6ftet i tillvaron \u2013 tills det v\u00e4nder ryggen \u00e5t en. I del fyra av eposet, kallad just \u201dDen underbare mannen\u201d, \u00e4r det Didrik som har b\u00f6rjat glida in i den rollen. Elon Musk \u00e4r en underbar man, en uppenbarelse av en f\u00f6retagare driven av \u201dren idealitet\u201d och med en aff\u00e4rssyn uteslutande styrd av en \u201dh\u00f6gre vision\u201d. Hur det ser ut i dag f\u00f6r alias Gr\u00f6ne Jesus n\u00e4r Musk lierat sig med en tilltr\u00e4dande president med planer p\u00e5 att skrota alla klimatm\u00e5l kan jag bara undra \u00f6ver.<\/p>\n\n\n\n<p>Kanske \u00e4r det Peter Carlsson som b\u00f6rjar glida in p\u00e5 platsen f\u00f6r den underbarare mannen. Det lilla vi vet om hans l\u00e4ge just nu \u00e4r att han l\u00f6pande har s\u00e5lt undan sina aktier.<\/p>\n\n\n\n<p>Men som sagt, hur g\u00e4rna l\u00e5ter vi oss inte luras. Att slippa frysa och sv\u00e4lta och slita ont i Sveriges fattigaste lands\u00e4nda m\u00e5 vara. Ett svidande sm\u00e4rtsamt avsnitt i eposet \u00e4r n\u00e4r den hungerbleke Gretason kommer in i handelsboden d\u00e4rhemma och f\u00e5r syn p\u00e5 en soppsk\u00e5l, en sk\u00e5l med blomgirland av en sk\u00f6nhet som han aldrig tidigare sk\u00e5dat. Han g\u00e5r iv\u00e4g med soppsk\u00e5len i st\u00e4llet f\u00f6r det mj\u00f6l han var ute f\u00f6r att k\u00f6pa. Mat p\u00e5 bordet \u00e5t barnen ihop med lite sk\u00f6nhet och dr\u00f6mmar \u00e4r kanske inte f\u00f6r mycket beg\u00e4rt.<\/p>\n\n\n\n<p>Men att l\u00e5ta sig luras bara f\u00f6r att slippa \u00e4ndra en levnadsstandard som historiskt sett \u00e4r den h\u00f6gsta n\u00e5gonsin? F\u00f6r att kunna forts\u00e4tta k\u00f6ra bil, forts\u00e4tta flyga, forts\u00e4tta \u00e4ta k\u00f6tt?<\/p>\n\n\n\n<p>Med tre och en halv miljoner batterier per minut l\u00f6ser det sig?<\/p>\n\n\n\n<p>Birgitta Holm<\/p>\n\n\n\n<p>Professor em i litteraturvetenskap vid Uppsala universitet och f\u00f6rfattare till bland annat \u201dSara \u2013 i liv och text\u201d (1998)<\/p>\n","protected":false},"excerpt":{"rendered":"<p>Ess\u00e4 av Birgitta Holm, ursprungligen publicerad i SvD 2024-11-17 \u201dHe va d\u00e5 rent f\u00f6r kuseligt s\u00e5 lik han \u00e4r n\u2019Peter Carlsson p\u00e5 Northvolt.\u201d Hur m\u00e5nga med mig m\u00e5ste inte ha <a class=\"read-more\" href=\"https:\/\/www.saralidman.se\/?page_id=793\">Read More<\/a><\/p>\n","protected":false},"author":1,"featured_media":0,"parent":0,"menu_order":0,"comment_status":"closed","ping_status":"closed","template":"","meta":{"footnotes":""},"class_list":["post-793","page","type-page","status-publish","hentry"],"_links":{"self":[{"href":"https:\/\/www.saralidman.se\/index.php?rest_route=\/wp\/v2\/pages\/793","targetHints":{"allow":["GET"]}}],"collection":[{"href":"https:\/\/www.saralidman.se\/index.php?rest_route=\/wp\/v2\/pages"}],"about":[{"href":"https:\/\/www.saralidman.se\/index.php?rest_route=\/wp\/v2\/types\/page"}],"author":[{"embeddable":true,"href":"https:\/\/www.saralidman.se\/index.php?rest_route=\/wp\/v2\/users\/1"}],"replies":[{"embeddable":true,"href":"https:\/\/www.saralidman.se\/index.php?rest_route=%2Fwp%2Fv2%2Fcomments&post=793"}],"version-history":[{"count":1,"href":"https:\/\/www.saralidman.se\/index.php?rest_route=\/wp\/v2\/pages\/793\/revisions"}],"predecessor-version":[{"id":794,"href":"https:\/\/www.saralidman.se\/index.php?rest_route=\/wp\/v2\/pages\/793\/revisions\/794"}],"wp:attachment":[{"href":"https:\/\/www.saralidman.se\/index.php?rest_route=%2Fwp%2Fv2%2Fmedia&parent=793"}],"curies":[{"name":"wp","href":"https:\/\/api.w.org\/{rel}","templated":true}]}}